{"id":924,"date":"2023-05-13T22:41:55","date_gmt":"2023-05-13T22:41:55","guid":{"rendered":"https:\/\/solucionsolar.cl\/solar\/producto\/caja-para-guardamotor-c-membrana-y-luz-piloto\/"},"modified":"2023-05-13T22:41:55","modified_gmt":"2023-05-13T22:41:55","slug":"caja-para-guardamotor-c-membrana-y-luz-piloto","status":"publish","type":"product","link":"https:\/\/solucionsolar.cl\/solar\/producto\/caja-para-guardamotor-c-membrana-y-luz-piloto\/","title":{"rendered":"Caja para guardamotor c\/membrana y luz piloto"},"content":{"rendered":"<p>Son dispositivos utilizados para proteger y controlar el funcionamiento de los motores el\u00e9ctricos. Est\u00e1n dise\u00f1adas para alojar un guardamotor, que es un dispositivo de protecci\u00f3n contra sobrecargas y cortocircuitos, y permiten la conexi\u00f3n y desconexi\u00f3n manual del motor mediante un bot\u00f3n pulsador o una llave. Adem\u00e1s, incorporan una luz piloto que indica el estado de funcionamiento del motor. Estas cajas pueden ser instaladas en ambientes h\u00famedos o con polvo gracias a la membrana que las protege.<\/p>\n","protected":false},"excerpt":{"rendered":"<p>Son dispositivos utilizados para proteger y controlar el funcionamiento de los motores el\u00e9ctricos. Est\u00e1n dise\u00f1adas para alojar un guardamotor, que es un dispositivo de protecci\u00f3n contra sobrecargas y cortocircuitos, y permiten la conexi\u00f3n y desconexi\u00f3n manual del motor mediante un bot\u00f3n pulsador o una llave. Adem\u00e1s, incorporan una luz piloto que indica el estado de funcionamiento del motor. Estas cajas [&hellip;]<\/p>\n","protected":false},"featured_media":923,"comment_status":"open","ping_status":"closed","template":"","meta":{"_joinchat":[]},"product_brand":[],"product_cat":[16],"product_tag":[],"class_list":{"0":"post-924","1":"product","2":"type-product","3":"status-publish","4":"has-post-thumbnail","6":"product_cat-electricidad","8":"first","9":"instock","10":"shipping-taxable","11":"purchasable","12":"product-type-simple"},"ams_default_variation_id":0,"ams_product_points_reward":[],"ams_product_discount_percentage":0,"ams_price_to_display":8200,"ams_acf":[],"jetpack_sharing_enabled":true,"_links":{"self":[{"href":"https:\/\/solucionsolar.cl\/solar\/wp-json\/wp\/v2\/product\/924","targetHints":{"allow":["GET"]}}],"collection":[{"href":"https:\/\/solucionsolar.cl\/solar\/wp-json\/wp\/v2\/product"}],"about":[{"href":"https:\/\/solucionsolar.cl\/solar\/wp-json\/wp\/v2\/types\/product"}],"replies":[{"embeddable":true,"href":"https:\/\/solucionsolar.cl\/solar\/wp-json\/wp\/v2\/comments?post=924"}],"wp:featuredmedia":[{"embeddable":true,"href":"https:\/\/solucionsolar.cl\/solar\/wp-json\/wp\/v2\/media\/923"}],"wp:attachment":[{"href":"https:\/\/solucionsolar.cl\/solar\/wp-json\/wp\/v2\/media?parent=924"}],"wp:term":[{"taxonomy":"product_brand","embeddable":true,"href":"https:\/\/solucionsolar.cl\/solar\/wp-json\/wp\/v2\/product_brand?post=924"},{"taxonomy":"product_cat","embeddable":true,"href":"https:\/\/solucionsolar.cl\/solar\/wp-json\/wp\/v2\/product_cat?post=924"},{"taxonomy":"product_tag","embeddable":true,"href":"https:\/\/solucionsolar.cl\/solar\/wp-json\/wp\/v2\/product_tag?post=924"}],"curies":[{"name":"wp","href":"https:\/\/api.w.org\/{rel}","templated":true}]}}