{"id":928,"date":"2023-05-13T22:41:57","date_gmt":"2023-05-13T22:41:57","guid":{"rendered":"https:\/\/solucionsolar.cl\/solar\/producto\/automatico-1x40a-6k-c-legrand\/"},"modified":"2023-05-13T22:41:57","modified_gmt":"2023-05-13T22:41:57","slug":"automatico-1x40a-6k-c-legrand","status":"publish","type":"product","link":"https:\/\/solucionsolar.cl\/solar\/producto\/automatico-1x40a-6k-c-legrand\/","title":{"rendered":"Autom\u00e1tico 1x40A 6K C LEGRAND"},"content":{"rendered":"<p>Es un interruptor autom\u00e1tico magnetot\u00e9rmico con un poder de corte de 6kA. Este tipo de interruptor es utilizado para proteger los circuitos el\u00e9ctricos de sobrecargas y cortocircuitos. En este caso, la capacidad de corriente nominal es de 40 amperios. Se puede utilizar en instalaciones el\u00e9ctricas residenciales, comerciales e industriales.<\/p>\n","protected":false},"excerpt":{"rendered":"<p>Es un interruptor autom\u00e1tico magnetot\u00e9rmico con un poder de corte de 6kA. Este tipo de interruptor es utilizado para proteger los circuitos el\u00e9ctricos de sobrecargas y cortocircuitos. En este caso, la capacidad de corriente nominal es de 40 amperios. Se puede utilizar en instalaciones el\u00e9ctricas residenciales, comerciales e industriales.<\/p>\n","protected":false},"featured_media":927,"comment_status":"open","ping_status":"closed","template":"","meta":{"_joinchat":[]},"product_brand":[],"product_cat":[39,16],"product_tag":[],"class_list":{"0":"post-928","1":"product","2":"type-product","3":"status-publish","4":"has-post-thumbnail","6":"product_cat-automaticos","7":"product_cat-electricidad","9":"first","10":"instock","11":"shipping-taxable","12":"purchasable","13":"product-type-simple"},"ams_default_variation_id":0,"ams_product_points_reward":[],"ams_product_discount_percentage":0,"ams_price_to_display":3500,"ams_acf":[],"jetpack_sharing_enabled":true,"_links":{"self":[{"href":"https:\/\/solucionsolar.cl\/solar\/wp-json\/wp\/v2\/product\/928","targetHints":{"allow":["GET"]}}],"collection":[{"href":"https:\/\/solucionsolar.cl\/solar\/wp-json\/wp\/v2\/product"}],"about":[{"href":"https:\/\/solucionsolar.cl\/solar\/wp-json\/wp\/v2\/types\/product"}],"replies":[{"embeddable":true,"href":"https:\/\/solucionsolar.cl\/solar\/wp-json\/wp\/v2\/comments?post=928"}],"wp:featuredmedia":[{"embeddable":true,"href":"https:\/\/solucionsolar.cl\/solar\/wp-json\/wp\/v2\/media\/927"}],"wp:attachment":[{"href":"https:\/\/solucionsolar.cl\/solar\/wp-json\/wp\/v2\/media?parent=928"}],"wp:term":[{"taxonomy":"product_brand","embeddable":true,"href":"https:\/\/solucionsolar.cl\/solar\/wp-json\/wp\/v2\/product_brand?post=928"},{"taxonomy":"product_cat","embeddable":true,"href":"https:\/\/solucionsolar.cl\/solar\/wp-json\/wp\/v2\/product_cat?post=928"},{"taxonomy":"product_tag","embeddable":true,"href":"https:\/\/solucionsolar.cl\/solar\/wp-json\/wp\/v2\/product_tag?post=928"}],"curies":[{"name":"wp","href":"https:\/\/api.w.org\/{rel}","templated":true}]}}