{"id":930,"date":"2023-05-13T22:41:59","date_gmt":"2023-05-13T22:41:59","guid":{"rendered":"https:\/\/solucionsolar.cl\/solar\/producto\/modulo-toma-corriente-10a-16a-2pt-blanco-lexo\/"},"modified":"2023-05-13T22:41:59","modified_gmt":"2023-05-13T22:41:59","slug":"modulo-toma-corriente-10a-16a-2pt-blanco-lexo","status":"publish","type":"product","link":"https:\/\/solucionsolar.cl\/solar\/producto\/modulo-toma-corriente-10a-16a-2pt-blanco-lexo\/","title":{"rendered":"M\u00f3dulo toma corriente 10A\/16A 2P+T Blanco LEXO"},"content":{"rendered":"<p>Est\u00e1 dise\u00f1ado para ofrecer una conexi\u00f3n segura y confiable para dispositivos el\u00e9ctricos. Este modelo cuenta con una capacidad de 10A\/16A y 2 polos m\u00e1s tierra. Su acabado en color blanco lo hace ideal para combinar con cualquier decoraci\u00f3n, y es compatible con los sistemas de cajas de empotrar y sobrepuestas de la misma marca. Adem\u00e1s, cumple con las normas de seguridad el\u00e9ctrica para garantizar su uso sin riesgos.<\/p>\n","protected":false},"excerpt":{"rendered":"<p>Est\u00e1 dise\u00f1ado para ofrecer una conexi\u00f3n segura y confiable para dispositivos el\u00e9ctricos. Este modelo cuenta con una capacidad de 10A\/16A y 2 polos m\u00e1s tierra. Su acabado en color blanco lo hace ideal para combinar con cualquier decoraci\u00f3n, y es compatible con los sistemas de cajas de empotrar y sobrepuestas de la misma marca. Adem\u00e1s, cumple con las normas de [&hellip;]<\/p>\n","protected":false},"featured_media":929,"comment_status":"open","ping_status":"closed","template":"","meta":{"_joinchat":[]},"product_brand":[],"product_cat":[16],"product_tag":[],"class_list":{"0":"post-930","1":"product","2":"type-product","3":"status-publish","4":"has-post-thumbnail","6":"product_cat-electricidad","8":"first","9":"instock","10":"shipping-taxable","11":"purchasable","12":"product-type-simple"},"ams_default_variation_id":0,"ams_product_points_reward":[],"ams_product_discount_percentage":0,"ams_price_to_display":1200,"ams_acf":[],"jetpack_sharing_enabled":true,"_links":{"self":[{"href":"https:\/\/solucionsolar.cl\/solar\/wp-json\/wp\/v2\/product\/930","targetHints":{"allow":["GET"]}}],"collection":[{"href":"https:\/\/solucionsolar.cl\/solar\/wp-json\/wp\/v2\/product"}],"about":[{"href":"https:\/\/solucionsolar.cl\/solar\/wp-json\/wp\/v2\/types\/product"}],"replies":[{"embeddable":true,"href":"https:\/\/solucionsolar.cl\/solar\/wp-json\/wp\/v2\/comments?post=930"}],"wp:featuredmedia":[{"embeddable":true,"href":"https:\/\/solucionsolar.cl\/solar\/wp-json\/wp\/v2\/media\/929"}],"wp:attachment":[{"href":"https:\/\/solucionsolar.cl\/solar\/wp-json\/wp\/v2\/media?parent=930"}],"wp:term":[{"taxonomy":"product_brand","embeddable":true,"href":"https:\/\/solucionsolar.cl\/solar\/wp-json\/wp\/v2\/product_brand?post=930"},{"taxonomy":"product_cat","embeddable":true,"href":"https:\/\/solucionsolar.cl\/solar\/wp-json\/wp\/v2\/product_cat?post=930"},{"taxonomy":"product_tag","embeddable":true,"href":"https:\/\/solucionsolar.cl\/solar\/wp-json\/wp\/v2\/product_tag?post=930"}],"curies":[{"name":"wp","href":"https:\/\/api.w.org\/{rel}","templated":true}]}}