{"id":932,"date":"2023-05-13T22:42:00","date_gmt":"2023-05-13T22:42:00","guid":{"rendered":"https:\/\/solucionsolar.cl\/solar\/producto\/cable-rv-k-90oc-06-1kv-4x25mm-negro-1-mt\/"},"modified":"2023-05-13T22:42:00","modified_gmt":"2023-05-13T22:42:00","slug":"cable-rv-k-90oc-06-1kv-4x25mm-negro-1-mt","status":"publish","type":"product","link":"https:\/\/solucionsolar.cl\/solar\/producto\/cable-rv-k-90oc-06-1kv-4x25mm-negro-1-mt\/","title":{"rendered":"Cable RV-K 90\u00baC 0,6\/1KV 4&#215;2,5mm Negro 1 mt"},"content":{"rendered":"<p>Es un cable de energ\u00eda de cobre con aislamiento de PVC y cubierta de PVC. Este tipo de cable se utiliza para la distribuci\u00f3n de energ\u00eda el\u00e9ctrica en baja tensi\u00f3n en instalaciones fijas. El RV-K tiene una capacidad de voltaje de 0,6\/1 kV y puede soportar temperaturas de hasta 90\u00b0C. El cable tiene cuatro conductores de 2,5 mm de secci\u00f3n transversal cada uno y su color es negro. Esta unidad se vende en tramos de un metro.<\/p>\n","protected":false},"excerpt":{"rendered":"<p>Es un cable de energ\u00eda de cobre con aislamiento de PVC y cubierta de PVC. Este tipo de cable se utiliza para la distribuci\u00f3n de energ\u00eda el\u00e9ctrica en baja tensi\u00f3n en instalaciones fijas. El RV-K tiene una capacidad de voltaje de 0,6\/1 kV y puede soportar temperaturas de hasta 90\u00b0C. El cable tiene cuatro conductores de 2,5 mm de secci\u00f3n [&hellip;]<\/p>\n","protected":false},"featured_media":931,"comment_status":"open","ping_status":"closed","template":"","meta":{"_joinchat":[]},"product_brand":[],"product_cat":[18,16],"product_tag":[],"class_list":{"0":"post-932","1":"product","2":"type-product","3":"status-publish","4":"has-post-thumbnail","6":"product_cat-cables","7":"product_cat-electricidad","9":"first","10":"instock","11":"shipping-taxable","12":"purchasable","13":"product-type-simple"},"ams_default_variation_id":0,"ams_product_points_reward":[],"ams_product_discount_percentage":0,"ams_price_to_display":2200,"ams_acf":[],"jetpack_sharing_enabled":true,"_links":{"self":[{"href":"https:\/\/solucionsolar.cl\/solar\/wp-json\/wp\/v2\/product\/932","targetHints":{"allow":["GET"]}}],"collection":[{"href":"https:\/\/solucionsolar.cl\/solar\/wp-json\/wp\/v2\/product"}],"about":[{"href":"https:\/\/solucionsolar.cl\/solar\/wp-json\/wp\/v2\/types\/product"}],"replies":[{"embeddable":true,"href":"https:\/\/solucionsolar.cl\/solar\/wp-json\/wp\/v2\/comments?post=932"}],"wp:featuredmedia":[{"embeddable":true,"href":"https:\/\/solucionsolar.cl\/solar\/wp-json\/wp\/v2\/media\/931"}],"wp:attachment":[{"href":"https:\/\/solucionsolar.cl\/solar\/wp-json\/wp\/v2\/media?parent=932"}],"wp:term":[{"taxonomy":"product_brand","embeddable":true,"href":"https:\/\/solucionsolar.cl\/solar\/wp-json\/wp\/v2\/product_brand?post=932"},{"taxonomy":"product_cat","embeddable":true,"href":"https:\/\/solucionsolar.cl\/solar\/wp-json\/wp\/v2\/product_cat?post=932"},{"taxonomy":"product_tag","embeddable":true,"href":"https:\/\/solucionsolar.cl\/solar\/wp-json\/wp\/v2\/product_tag?post=932"}],"curies":[{"name":"wp","href":"https:\/\/api.w.org\/{rel}","templated":true}]}}