{"id":934,"date":"2023-05-13T22:42:02","date_gmt":"2023-05-13T22:42:02","guid":{"rendered":"https:\/\/solucionsolar.cl\/solar\/producto\/cable-superflex-8awg-rv-k-1mt\/"},"modified":"2023-05-13T22:42:02","modified_gmt":"2023-05-13T22:42:02","slug":"cable-superflex-8awg-rv-k-1mt","status":"publish","type":"product","link":"https:\/\/solucionsolar.cl\/solar\/producto\/cable-superflex-8awg-rv-k-1mt\/","title":{"rendered":"Cable Superflex 8AWG RV-K 1mt"},"content":{"rendered":"<p>Es un cable el\u00e9ctrico de cobre dise\u00f1ado para aplicaciones industriales y comerciales donde se requiere una alta flexibilidad y resistencia mec\u00e1nica. Este cable cuenta con una secci\u00f3n transversal de 8 AWG (aproximadamente 8,37 mm\u00b2) y est\u00e1 aislado con un compuesto de PVC de alta calidad.<\/p>\n","protected":false},"excerpt":{"rendered":"<p>Es un cable el\u00e9ctrico de cobre dise\u00f1ado para aplicaciones industriales y comerciales donde se requiere una alta flexibilidad y resistencia mec\u00e1nica. Este cable cuenta con una secci\u00f3n transversal de 8 AWG (aproximadamente 8,37 mm\u00b2) y est\u00e1 aislado con un compuesto de PVC de alta calidad.<\/p>\n","protected":false},"featured_media":933,"comment_status":"open","ping_status":"closed","template":"","meta":{"_joinchat":[]},"product_brand":[],"product_cat":[18,16],"product_tag":[],"class_list":{"0":"post-934","1":"product","2":"type-product","3":"status-publish","4":"has-post-thumbnail","6":"product_cat-cables","7":"product_cat-electricidad","9":"first","10":"instock","11":"shipping-taxable","12":"purchasable","13":"product-type-simple"},"ams_default_variation_id":0,"ams_product_points_reward":[],"ams_product_discount_percentage":0,"ams_price_to_display":1490,"ams_acf":[],"jetpack_sharing_enabled":true,"_links":{"self":[{"href":"https:\/\/solucionsolar.cl\/solar\/wp-json\/wp\/v2\/product\/934","targetHints":{"allow":["GET"]}}],"collection":[{"href":"https:\/\/solucionsolar.cl\/solar\/wp-json\/wp\/v2\/product"}],"about":[{"href":"https:\/\/solucionsolar.cl\/solar\/wp-json\/wp\/v2\/types\/product"}],"replies":[{"embeddable":true,"href":"https:\/\/solucionsolar.cl\/solar\/wp-json\/wp\/v2\/comments?post=934"}],"wp:featuredmedia":[{"embeddable":true,"href":"https:\/\/solucionsolar.cl\/solar\/wp-json\/wp\/v2\/media\/933"}],"wp:attachment":[{"href":"https:\/\/solucionsolar.cl\/solar\/wp-json\/wp\/v2\/media?parent=934"}],"wp:term":[{"taxonomy":"product_brand","embeddable":true,"href":"https:\/\/solucionsolar.cl\/solar\/wp-json\/wp\/v2\/product_brand?post=934"},{"taxonomy":"product_cat","embeddable":true,"href":"https:\/\/solucionsolar.cl\/solar\/wp-json\/wp\/v2\/product_cat?post=934"},{"taxonomy":"product_tag","embeddable":true,"href":"https:\/\/solucionsolar.cl\/solar\/wp-json\/wp\/v2\/product_tag?post=934"}],"curies":[{"name":"wp","href":"https:\/\/api.w.org\/{rel}","templated":true}]}}