{"id":936,"date":"2023-05-13T22:42:03","date_gmt":"2023-05-13T22:42:03","guid":{"rendered":"https:\/\/solucionsolar.cl\/solar\/producto\/automatico-1x25a-b-saime\/"},"modified":"2023-05-13T22:42:03","modified_gmt":"2023-05-13T22:42:03","slug":"automatico-1x25a-b-saime","status":"publish","type":"product","link":"https:\/\/solucionsolar.cl\/solar\/producto\/automatico-1x25a-b-saime\/","title":{"rendered":"Autom\u00e1tico 1x25A B SAIME"},"content":{"rendered":"<p>Es un dispositivo de protecci\u00f3n el\u00e9ctrica que se utiliza para proteger los circuitos de sobrecargas y cortocircuitos. Este modelo es adecuado para corriente alterna de hasta 240V y puede montarse en rieles DIN de 35mm. Adem\u00e1s, tiene una capacidad de ruptura de 10kA y es apto para instalaciones en interiores.<\/p>\n","protected":false},"excerpt":{"rendered":"<p>Es un dispositivo de protecci\u00f3n el\u00e9ctrica que se utiliza para proteger los circuitos de sobrecargas y cortocircuitos. Este modelo es adecuado para corriente alterna de hasta 240V y puede montarse en rieles DIN de 35mm. Adem\u00e1s, tiene una capacidad de ruptura de 10kA y es apto para instalaciones en interiores.<\/p>\n","protected":false},"featured_media":935,"comment_status":"open","ping_status":"closed","template":"","meta":{"_joinchat":[]},"product_brand":[],"product_cat":[39,16],"product_tag":[],"class_list":{"0":"post-936","1":"product","2":"type-product","3":"status-publish","4":"has-post-thumbnail","6":"product_cat-automaticos","7":"product_cat-electricidad","9":"first","10":"instock","11":"shipping-taxable","12":"purchasable","13":"product-type-simple"},"ams_default_variation_id":0,"ams_product_points_reward":[],"ams_product_discount_percentage":0,"ams_price_to_display":8500,"ams_acf":[],"jetpack_sharing_enabled":true,"_links":{"self":[{"href":"https:\/\/solucionsolar.cl\/solar\/wp-json\/wp\/v2\/product\/936","targetHints":{"allow":["GET"]}}],"collection":[{"href":"https:\/\/solucionsolar.cl\/solar\/wp-json\/wp\/v2\/product"}],"about":[{"href":"https:\/\/solucionsolar.cl\/solar\/wp-json\/wp\/v2\/types\/product"}],"replies":[{"embeddable":true,"href":"https:\/\/solucionsolar.cl\/solar\/wp-json\/wp\/v2\/comments?post=936"}],"wp:featuredmedia":[{"embeddable":true,"href":"https:\/\/solucionsolar.cl\/solar\/wp-json\/wp\/v2\/media\/935"}],"wp:attachment":[{"href":"https:\/\/solucionsolar.cl\/solar\/wp-json\/wp\/v2\/media?parent=936"}],"wp:term":[{"taxonomy":"product_brand","embeddable":true,"href":"https:\/\/solucionsolar.cl\/solar\/wp-json\/wp\/v2\/product_brand?post=936"},{"taxonomy":"product_cat","embeddable":true,"href":"https:\/\/solucionsolar.cl\/solar\/wp-json\/wp\/v2\/product_cat?post=936"},{"taxonomy":"product_tag","embeddable":true,"href":"https:\/\/solucionsolar.cl\/solar\/wp-json\/wp\/v2\/product_tag?post=936"}],"curies":[{"name":"wp","href":"https:\/\/api.w.org\/{rel}","templated":true}]}}