{"id":938,"date":"2023-05-13T22:42:07","date_gmt":"2023-05-13T22:42:07","guid":{"rendered":"https:\/\/solucionsolar.cl\/solar\/producto\/caja-metalica-pregalvanizada-200x200x100mm-c-tapa-lexo\/"},"modified":"2023-05-13T22:42:07","modified_gmt":"2023-05-13T22:42:07","slug":"caja-metalica-pregalvanizada-200x200x100mm-c-tapa-lexo","status":"publish","type":"product","link":"https:\/\/solucionsolar.cl\/solar\/producto\/caja-metalica-pregalvanizada-200x200x100mm-c-tapa-lexo\/","title":{"rendered":"Caja met\u00e1lica pregalvanizada 200x200x100mm c\/tapa LEXO"},"content":{"rendered":"<p>Es un producto de excelente calidad, fabricada en acero pregalvanizado y dise\u00f1ada para proteger y alojar componentes el\u00e9ctricos en su interior. Tiene unas dimensiones de 200x200x100mm, por lo que es lo suficientemente espaciosa para albergar diversos elementos el\u00e9ctricos, y cuenta con una tapa que se puede fijar con tornillos para mayor seguridad. Esta caja es una soluci\u00f3n pr\u00e1ctica y eficiente para instalaciones el\u00e9ctricas tanto en interiores como en exteriores, gracias a su resistencia a la intemperie y a la corrosi\u00f3n.<\/p>\n","protected":false},"excerpt":{"rendered":"<p>Es un producto de excelente calidad, fabricada en acero pregalvanizado y dise\u00f1ada para proteger y alojar componentes el\u00e9ctricos en su interior. Tiene unas dimensiones de 200x200x100mm, por lo que es lo suficientemente espaciosa para albergar diversos elementos el\u00e9ctricos, y cuenta con una tapa que se puede fijar con tornillos para mayor seguridad. Esta caja es una soluci\u00f3n pr\u00e1ctica y eficiente [&hellip;]<\/p>\n","protected":false},"featured_media":937,"comment_status":"open","ping_status":"closed","template":"","meta":{"_joinchat":[]},"product_brand":[],"product_cat":[16],"product_tag":[],"class_list":{"0":"post-938","1":"product","2":"type-product","3":"status-publish","4":"has-post-thumbnail","6":"product_cat-electricidad","8":"first","9":"instock","10":"shipping-taxable","11":"purchasable","12":"product-type-simple"},"ams_default_variation_id":0,"ams_product_points_reward":[],"ams_product_discount_percentage":0,"ams_price_to_display":6000,"ams_acf":[],"jetpack_sharing_enabled":true,"_links":{"self":[{"href":"https:\/\/solucionsolar.cl\/solar\/wp-json\/wp\/v2\/product\/938","targetHints":{"allow":["GET"]}}],"collection":[{"href":"https:\/\/solucionsolar.cl\/solar\/wp-json\/wp\/v2\/product"}],"about":[{"href":"https:\/\/solucionsolar.cl\/solar\/wp-json\/wp\/v2\/types\/product"}],"replies":[{"embeddable":true,"href":"https:\/\/solucionsolar.cl\/solar\/wp-json\/wp\/v2\/comments?post=938"}],"wp:featuredmedia":[{"embeddable":true,"href":"https:\/\/solucionsolar.cl\/solar\/wp-json\/wp\/v2\/media\/937"}],"wp:attachment":[{"href":"https:\/\/solucionsolar.cl\/solar\/wp-json\/wp\/v2\/media?parent=938"}],"wp:term":[{"taxonomy":"product_brand","embeddable":true,"href":"https:\/\/solucionsolar.cl\/solar\/wp-json\/wp\/v2\/product_brand?post=938"},{"taxonomy":"product_cat","embeddable":true,"href":"https:\/\/solucionsolar.cl\/solar\/wp-json\/wp\/v2\/product_cat?post=938"},{"taxonomy":"product_tag","embeddable":true,"href":"https:\/\/solucionsolar.cl\/solar\/wp-json\/wp\/v2\/product_tag?post=938"}],"curies":[{"name":"wp","href":"https:\/\/api.w.org\/{rel}","templated":true}]}}