{"id":944,"date":"2023-05-13T22:42:17","date_gmt":"2023-05-13T22:42:17","guid":{"rendered":"https:\/\/solucionsolar.cl\/solar\/producto\/terminal-ferrule-14awg-gris-100-un-lex0\/"},"modified":"2023-05-13T22:42:17","modified_gmt":"2023-05-13T22:42:17","slug":"terminal-ferrule-14awg-gris-100-un-lex0","status":"publish","type":"product","link":"https:\/\/solucionsolar.cl\/solar\/producto\/terminal-ferrule-14awg-gris-100-un-lex0\/","title":{"rendered":"Terminal Ferrule 14AWG Gris 100 un LEX0"},"content":{"rendered":"<p>Son dispositivos de conexi\u00f3n que se utilizan para conectar un cable el\u00e9ctrico a un dispositivo el\u00e9ctrico o a un terminal de bloque de terminales. Est\u00e1n dise\u00f1adas para facilitar la conexi\u00f3n de los cables, mejorar la calidad de la conexi\u00f3n y proporcionar una mayor seguridad. El Terminal Ferrule 14AWG Gris de LEXO es una de las opciones disponibles en el mercado y viene en un paquete de 100 unidades. Es compatible con cables de calibre 14AWG y es de color gris para facilitar la identificaci\u00f3n.<\/p>\n","protected":false},"excerpt":{"rendered":"<p>Son dispositivos de conexi\u00f3n que se utilizan para conectar un cable el\u00e9ctrico a un dispositivo el\u00e9ctrico o a un terminal de bloque de terminales. Est\u00e1n dise\u00f1adas para facilitar la conexi\u00f3n de los cables, mejorar la calidad de la conexi\u00f3n y proporcionar una mayor seguridad. El Terminal Ferrule 14AWG Gris de LEXO es una de las opciones disponibles en el mercado [&hellip;]<\/p>\n","protected":false},"featured_media":943,"comment_status":"open","ping_status":"closed","template":"","meta":{"_joinchat":[]},"product_brand":[],"product_cat":[16],"product_tag":[],"class_list":{"0":"post-944","1":"product","2":"type-product","3":"status-publish","4":"has-post-thumbnail","6":"product_cat-electricidad","8":"first","9":"instock","10":"shipping-taxable","11":"purchasable","12":"product-type-simple"},"ams_default_variation_id":0,"ams_product_points_reward":[],"ams_product_discount_percentage":0,"ams_price_to_display":3000,"ams_acf":[],"jetpack_sharing_enabled":true,"_links":{"self":[{"href":"https:\/\/solucionsolar.cl\/solar\/wp-json\/wp\/v2\/product\/944","targetHints":{"allow":["GET"]}}],"collection":[{"href":"https:\/\/solucionsolar.cl\/solar\/wp-json\/wp\/v2\/product"}],"about":[{"href":"https:\/\/solucionsolar.cl\/solar\/wp-json\/wp\/v2\/types\/product"}],"replies":[{"embeddable":true,"href":"https:\/\/solucionsolar.cl\/solar\/wp-json\/wp\/v2\/comments?post=944"}],"wp:featuredmedia":[{"embeddable":true,"href":"https:\/\/solucionsolar.cl\/solar\/wp-json\/wp\/v2\/media\/943"}],"wp:attachment":[{"href":"https:\/\/solucionsolar.cl\/solar\/wp-json\/wp\/v2\/media?parent=944"}],"wp:term":[{"taxonomy":"product_brand","embeddable":true,"href":"https:\/\/solucionsolar.cl\/solar\/wp-json\/wp\/v2\/product_brand?post=944"},{"taxonomy":"product_cat","embeddable":true,"href":"https:\/\/solucionsolar.cl\/solar\/wp-json\/wp\/v2\/product_cat?post=944"},{"taxonomy":"product_tag","embeddable":true,"href":"https:\/\/solucionsolar.cl\/solar\/wp-json\/wp\/v2\/product_tag?post=944"}],"curies":[{"name":"wp","href":"https:\/\/api.w.org\/{rel}","templated":true}]}}