{"id":950,"date":"2023-05-13T22:42:26","date_gmt":"2023-05-13T22:42:26","guid":{"rendered":"https:\/\/solucionsolar.cl\/solar\/producto\/tablero-empotrado-pvc-36-polos-lexo\/"},"modified":"2023-05-13T22:42:26","modified_gmt":"2023-05-13T22:42:26","slug":"tablero-empotrado-pvc-36-polos-lexo","status":"publish","type":"product","link":"https:\/\/solucionsolar.cl\/solar\/producto\/tablero-empotrado-pvc-36-polos-lexo\/","title":{"rendered":"Tablero empotrado pvc 36 polos LEXO"},"content":{"rendered":"<p>Son ideales para ocultar la instalaci\u00f3n el\u00e9ctrica y proporcionar un aspecto m\u00e1s ordenado y est\u00e9tico. El tablero empotrado PVC 36 polos LEXO cuenta con una estructura robusta y resistente que garantiza la protecci\u00f3n y seguridad de los circuitos el\u00e9ctricos. Adem\u00e1s, su dise\u00f1o modular facilita la instalaci\u00f3n y permite la ampliaci\u00f3n de los circuitos de manera sencilla y eficiente.<\/p>\n","protected":false},"excerpt":{"rendered":"<p>Son ideales para ocultar la instalaci\u00f3n el\u00e9ctrica y proporcionar un aspecto m\u00e1s ordenado y est\u00e9tico. El tablero empotrado PVC 36 polos LEXO cuenta con una estructura robusta y resistente que garantiza la protecci\u00f3n y seguridad de los circuitos el\u00e9ctricos. Adem\u00e1s, su dise\u00f1o modular facilita la instalaci\u00f3n y permite la ampliaci\u00f3n de los circuitos de manera sencilla y eficiente.<\/p>\n","protected":false},"featured_media":949,"comment_status":"open","ping_status":"closed","template":"","meta":{"_joinchat":[]},"product_brand":[],"product_cat":[16],"product_tag":[],"class_list":{"0":"post-950","1":"product","2":"type-product","3":"status-publish","4":"has-post-thumbnail","6":"product_cat-electricidad","8":"first","9":"instock","10":"shipping-taxable","11":"purchasable","12":"product-type-simple"},"ams_default_variation_id":0,"ams_product_points_reward":[],"ams_product_discount_percentage":0,"ams_price_to_display":29900,"ams_acf":[],"jetpack_sharing_enabled":true,"_links":{"self":[{"href":"https:\/\/solucionsolar.cl\/solar\/wp-json\/wp\/v2\/product\/950","targetHints":{"allow":["GET"]}}],"collection":[{"href":"https:\/\/solucionsolar.cl\/solar\/wp-json\/wp\/v2\/product"}],"about":[{"href":"https:\/\/solucionsolar.cl\/solar\/wp-json\/wp\/v2\/types\/product"}],"replies":[{"embeddable":true,"href":"https:\/\/solucionsolar.cl\/solar\/wp-json\/wp\/v2\/comments?post=950"}],"wp:featuredmedia":[{"embeddable":true,"href":"https:\/\/solucionsolar.cl\/solar\/wp-json\/wp\/v2\/media\/949"}],"wp:attachment":[{"href":"https:\/\/solucionsolar.cl\/solar\/wp-json\/wp\/v2\/media?parent=950"}],"wp:term":[{"taxonomy":"product_brand","embeddable":true,"href":"https:\/\/solucionsolar.cl\/solar\/wp-json\/wp\/v2\/product_brand?post=950"},{"taxonomy":"product_cat","embeddable":true,"href":"https:\/\/solucionsolar.cl\/solar\/wp-json\/wp\/v2\/product_cat?post=950"},{"taxonomy":"product_tag","embeddable":true,"href":"https:\/\/solucionsolar.cl\/solar\/wp-json\/wp\/v2\/product_tag?post=950"}],"curies":[{"name":"wp","href":"https:\/\/api.w.org\/{rel}","templated":true}]}}