{"id":952,"date":"2023-05-13T22:42:28","date_gmt":"2023-05-13T22:42:28","guid":{"rendered":"https:\/\/solucionsolar.cl\/solar\/producto\/contacto-auxiliar-para-contactor-2no-2nc-lexo\/"},"modified":"2023-05-13T22:42:28","modified_gmt":"2023-05-13T22:42:28","slug":"contacto-auxiliar-para-contactor-2no-2nc-lexo","status":"publish","type":"product","link":"https:\/\/solucionsolar.cl\/solar\/producto\/contacto-auxiliar-para-contactor-2no-2nc-lexo\/","title":{"rendered":"Contacto auxiliar para contactor 2NO + 2NC LEXO"},"content":{"rendered":"<p>Es un dispositivo que se usa para controlar la apertura y cierre de un circuito el\u00e9ctrico. El contacto auxiliar tiene dos conjuntos de contactos normalmente abiertos y dos conjuntos de contactos normalmente cerrados que se activan cuando el contactor principal se acciona. Esto permite que el circuito el\u00e9ctrico se abra o cierre seg\u00fan sea necesario. El contacto auxiliar se utiliza com\u00fanmente en aplicaciones industriales y de automatizaci\u00f3n para controlar motores y otros equipos el\u00e9ctricos.<\/p>\n","protected":false},"excerpt":{"rendered":"<p>Es un dispositivo que se usa para controlar la apertura y cierre de un circuito el\u00e9ctrico. El contacto auxiliar tiene dos conjuntos de contactos normalmente abiertos y dos conjuntos de contactos normalmente cerrados que se activan cuando el contactor principal se acciona. Esto permite que el circuito el\u00e9ctrico se abra o cierre seg\u00fan sea necesario. El contacto auxiliar se utiliza [&hellip;]<\/p>\n","protected":false},"featured_media":951,"comment_status":"open","ping_status":"closed","template":"","meta":{"_joinchat":[]},"product_brand":[],"product_cat":[16],"product_tag":[],"class_list":{"0":"post-952","1":"product","2":"type-product","3":"status-publish","4":"has-post-thumbnail","6":"product_cat-electricidad","8":"first","9":"instock","10":"shipping-taxable","11":"purchasable","12":"product-type-simple"},"ams_default_variation_id":0,"ams_product_points_reward":[],"ams_product_discount_percentage":0,"ams_price_to_display":7200,"ams_acf":[],"jetpack_sharing_enabled":true,"_links":{"self":[{"href":"https:\/\/solucionsolar.cl\/solar\/wp-json\/wp\/v2\/product\/952","targetHints":{"allow":["GET"]}}],"collection":[{"href":"https:\/\/solucionsolar.cl\/solar\/wp-json\/wp\/v2\/product"}],"about":[{"href":"https:\/\/solucionsolar.cl\/solar\/wp-json\/wp\/v2\/types\/product"}],"replies":[{"embeddable":true,"href":"https:\/\/solucionsolar.cl\/solar\/wp-json\/wp\/v2\/comments?post=952"}],"wp:featuredmedia":[{"embeddable":true,"href":"https:\/\/solucionsolar.cl\/solar\/wp-json\/wp\/v2\/media\/951"}],"wp:attachment":[{"href":"https:\/\/solucionsolar.cl\/solar\/wp-json\/wp\/v2\/media?parent=952"}],"wp:term":[{"taxonomy":"product_brand","embeddable":true,"href":"https:\/\/solucionsolar.cl\/solar\/wp-json\/wp\/v2\/product_brand?post=952"},{"taxonomy":"product_cat","embeddable":true,"href":"https:\/\/solucionsolar.cl\/solar\/wp-json\/wp\/v2\/product_cat?post=952"},{"taxonomy":"product_tag","embeddable":true,"href":"https:\/\/solucionsolar.cl\/solar\/wp-json\/wp\/v2\/product_tag?post=952"}],"curies":[{"name":"wp","href":"https:\/\/api.w.org\/{rel}","templated":true}]}}