{"id":954,"date":"2023-05-13T22:42:31","date_gmt":"2023-05-13T22:42:31","guid":{"rendered":"https:\/\/solucionsolar.cl\/solar\/producto\/gabinete-500x400x200mm-ip65-1-puerta-drl\/"},"modified":"2023-05-13T22:42:31","modified_gmt":"2023-05-13T22:42:31","slug":"gabinete-500x400x200mm-ip65-1-puerta-drl","status":"publish","type":"product","link":"https:\/\/solucionsolar.cl\/solar\/producto\/gabinete-500x400x200mm-ip65-1-puerta-drl\/","title":{"rendered":"Gabinete 500x400x200mm IP65 1 puerta DRL"},"content":{"rendered":"<p>Tiene un \u00edndice de protecci\u00f3n IP65, lo que significa que est\u00e1 protegido contra polvo y chorros de agua de baja presi\u00f3n desde cualquier direcci\u00f3n. Es ideal para su uso en ambientes h\u00famedos o con condiciones clim\u00e1ticas extremas.<\/p>\n","protected":false},"excerpt":{"rendered":"<p>Tiene un \u00edndice de protecci\u00f3n IP65, lo que significa que est\u00e1 protegido contra polvo y chorros de agua de baja presi\u00f3n desde cualquier direcci\u00f3n. Es ideal para su uso en ambientes h\u00famedos o con condiciones clim\u00e1ticas extremas.<\/p>\n","protected":false},"featured_media":953,"comment_status":"open","ping_status":"closed","template":"","meta":{"_joinchat":[]},"product_brand":[],"product_cat":[16],"product_tag":[],"class_list":{"0":"post-954","1":"product","2":"type-product","3":"status-publish","4":"has-post-thumbnail","6":"product_cat-electricidad","8":"first","9":"instock","10":"shipping-taxable","11":"purchasable","12":"product-type-simple"},"ams_default_variation_id":0,"ams_product_points_reward":[],"ams_product_discount_percentage":0,"ams_price_to_display":57000,"ams_acf":[],"jetpack_sharing_enabled":true,"_links":{"self":[{"href":"https:\/\/solucionsolar.cl\/solar\/wp-json\/wp\/v2\/product\/954","targetHints":{"allow":["GET"]}}],"collection":[{"href":"https:\/\/solucionsolar.cl\/solar\/wp-json\/wp\/v2\/product"}],"about":[{"href":"https:\/\/solucionsolar.cl\/solar\/wp-json\/wp\/v2\/types\/product"}],"replies":[{"embeddable":true,"href":"https:\/\/solucionsolar.cl\/solar\/wp-json\/wp\/v2\/comments?post=954"}],"wp:featuredmedia":[{"embeddable":true,"href":"https:\/\/solucionsolar.cl\/solar\/wp-json\/wp\/v2\/media\/953"}],"wp:attachment":[{"href":"https:\/\/solucionsolar.cl\/solar\/wp-json\/wp\/v2\/media?parent=954"}],"wp:term":[{"taxonomy":"product_brand","embeddable":true,"href":"https:\/\/solucionsolar.cl\/solar\/wp-json\/wp\/v2\/product_brand?post=954"},{"taxonomy":"product_cat","embeddable":true,"href":"https:\/\/solucionsolar.cl\/solar\/wp-json\/wp\/v2\/product_cat?post=954"},{"taxonomy":"product_tag","embeddable":true,"href":"https:\/\/solucionsolar.cl\/solar\/wp-json\/wp\/v2\/product_tag?post=954"}],"curies":[{"name":"wp","href":"https:\/\/api.w.org\/{rel}","templated":true}]}}