{"id":956,"date":"2023-05-13T22:42:32","date_gmt":"2023-05-13T22:42:32","guid":{"rendered":"https:\/\/solucionsolar.cl\/solar\/producto\/enchufe-macho-volante-industrial-32a-3pt-380v-ip44-lexo\/"},"modified":"2023-05-13T22:42:32","modified_gmt":"2023-05-13T22:42:32","slug":"enchufe-macho-volante-industrial-32a-3pt-380v-ip44-lexo","status":"publish","type":"product","link":"https:\/\/solucionsolar.cl\/solar\/producto\/enchufe-macho-volante-industrial-32a-3pt-380v-ip44-lexo\/","title":{"rendered":"Enchufe macho volante industrial 32A 3P+T 380V IP44 LEXO"},"content":{"rendered":"<p>Es un dispositivo el\u00e9ctrico utilizado para conectar equipos y maquinarias industriales de alta potencia. Este enchufe cuenta con tres polos y tierra, una capacidad de corriente de 32 amperios y una tensi\u00f3n nominal de 380 voltios. Adem\u00e1s, est\u00e1 dise\u00f1ado con un grado de protecci\u00f3n IP44 que lo hace resistente a la humedad y al polvo, lo que lo convierte en una opci\u00f3n segura y confiable para ser utilizado en ambientes industriales adversos.<\/p>\n","protected":false},"excerpt":{"rendered":"<p>Es un dispositivo el\u00e9ctrico utilizado para conectar equipos y maquinarias industriales de alta potencia. Este enchufe cuenta con tres polos y tierra, una capacidad de corriente de 32 amperios y una tensi\u00f3n nominal de 380 voltios. Adem\u00e1s, est\u00e1 dise\u00f1ado con un grado de protecci\u00f3n IP44 que lo hace resistente a la humedad y al polvo, lo que lo convierte en [&hellip;]<\/p>\n","protected":false},"featured_media":955,"comment_status":"open","ping_status":"closed","template":"","meta":{"_joinchat":[]},"product_brand":[],"product_cat":[16],"product_tag":[],"class_list":{"0":"post-956","1":"product","2":"type-product","3":"status-publish","4":"has-post-thumbnail","6":"product_cat-electricidad","8":"first","9":"instock","10":"shipping-taxable","11":"purchasable","12":"product-type-simple"},"ams_default_variation_id":0,"ams_product_points_reward":[],"ams_product_discount_percentage":0,"ams_price_to_display":3500,"ams_acf":[],"jetpack_sharing_enabled":true,"_links":{"self":[{"href":"https:\/\/solucionsolar.cl\/solar\/wp-json\/wp\/v2\/product\/956","targetHints":{"allow":["GET"]}}],"collection":[{"href":"https:\/\/solucionsolar.cl\/solar\/wp-json\/wp\/v2\/product"}],"about":[{"href":"https:\/\/solucionsolar.cl\/solar\/wp-json\/wp\/v2\/types\/product"}],"replies":[{"embeddable":true,"href":"https:\/\/solucionsolar.cl\/solar\/wp-json\/wp\/v2\/comments?post=956"}],"wp:featuredmedia":[{"embeddable":true,"href":"https:\/\/solucionsolar.cl\/solar\/wp-json\/wp\/v2\/media\/955"}],"wp:attachment":[{"href":"https:\/\/solucionsolar.cl\/solar\/wp-json\/wp\/v2\/media?parent=956"}],"wp:term":[{"taxonomy":"product_brand","embeddable":true,"href":"https:\/\/solucionsolar.cl\/solar\/wp-json\/wp\/v2\/product_brand?post=956"},{"taxonomy":"product_cat","embeddable":true,"href":"https:\/\/solucionsolar.cl\/solar\/wp-json\/wp\/v2\/product_cat?post=956"},{"taxonomy":"product_tag","embeddable":true,"href":"https:\/\/solucionsolar.cl\/solar\/wp-json\/wp\/v2\/product_tag?post=956"}],"curies":[{"name":"wp","href":"https:\/\/api.w.org\/{rel}","templated":true}]}}