{"id":96,"date":"2023-05-13T22:21:24","date_gmt":"2023-05-13T22:21:24","guid":{"rendered":"https:\/\/solucionsolar.cl\/solar\/producto\/pila-aa-duracell\/"},"modified":"2023-05-13T22:21:24","modified_gmt":"2023-05-13T22:21:24","slug":"pila-aa-duracell","status":"publish","type":"product","link":"https:\/\/solucionsolar.cl\/solar\/producto\/pila-aa-duracell\/","title":{"rendered":"Pila AA DURACELL"},"content":{"rendered":"<p>La pila AA DURACELL es una pila alcalina cil\u00edndrica de tama\u00f1o est\u00e1ndar utilizado en una amplia variedad de dispositivos electr\u00f3nicos como c\u00e1maras, radios, juguetes, controles remotos, entre otros. Es de larga duraci\u00f3n y proporciona una fuente de energ\u00eda confiable y constante para sus dispositivos. Se vende por unidad.<\/p>\n","protected":false},"excerpt":{"rendered":"<p>La pila AA DURACELL es una pila alcalina cil\u00edndrica de tama\u00f1o est\u00e1ndar utilizado en una amplia variedad de dispositivos electr\u00f3nicos como c\u00e1maras, radios, juguetes, controles remotos, entre otros. Es de larga duraci\u00f3n y proporciona una fuente de energ\u00eda confiable y constante para sus dispositivos. Se vende por unidad.<\/p>\n","protected":false},"featured_media":95,"comment_status":"open","ping_status":"closed","template":"","meta":{"_joinchat":[]},"product_brand":[],"product_cat":[17],"product_tag":[],"class_list":{"0":"post-96","1":"product","2":"type-product","3":"status-publish","4":"has-post-thumbnail","6":"product_cat-ferreteria","8":"first","9":"instock","10":"shipping-taxable","11":"purchasable","12":"product-type-simple"},"ams_default_variation_id":0,"ams_product_points_reward":[],"ams_product_discount_percentage":0,"ams_price_to_display":800,"ams_acf":[],"jetpack_sharing_enabled":true,"_links":{"self":[{"href":"https:\/\/solucionsolar.cl\/solar\/wp-json\/wp\/v2\/product\/96","targetHints":{"allow":["GET"]}}],"collection":[{"href":"https:\/\/solucionsolar.cl\/solar\/wp-json\/wp\/v2\/product"}],"about":[{"href":"https:\/\/solucionsolar.cl\/solar\/wp-json\/wp\/v2\/types\/product"}],"replies":[{"embeddable":true,"href":"https:\/\/solucionsolar.cl\/solar\/wp-json\/wp\/v2\/comments?post=96"}],"wp:featuredmedia":[{"embeddable":true,"href":"https:\/\/solucionsolar.cl\/solar\/wp-json\/wp\/v2\/media\/95"}],"wp:attachment":[{"href":"https:\/\/solucionsolar.cl\/solar\/wp-json\/wp\/v2\/media?parent=96"}],"wp:term":[{"taxonomy":"product_brand","embeddable":true,"href":"https:\/\/solucionsolar.cl\/solar\/wp-json\/wp\/v2\/product_brand?post=96"},{"taxonomy":"product_cat","embeddable":true,"href":"https:\/\/solucionsolar.cl\/solar\/wp-json\/wp\/v2\/product_cat?post=96"},{"taxonomy":"product_tag","embeddable":true,"href":"https:\/\/solucionsolar.cl\/solar\/wp-json\/wp\/v2\/product_tag?post=96"}],"curies":[{"name":"wp","href":"https:\/\/api.w.org\/{rel}","templated":true}]}}