{"id":964,"date":"2023-05-13T22:42:37","date_gmt":"2023-05-13T22:42:37","guid":{"rendered":"https:\/\/solucionsolar.cl\/solar\/producto\/int-caja-moldeada-ebs1m-63l-63a-25ka-lexo\/"},"modified":"2023-05-13T22:42:37","modified_gmt":"2023-05-13T22:42:37","slug":"int-caja-moldeada-ebs1m-63l-63a-25ka-lexo","status":"publish","type":"product","link":"https:\/\/solucionsolar.cl\/solar\/producto\/int-caja-moldeada-ebs1m-63l-63a-25ka-lexo\/","title":{"rendered":"Int caja moldeada EBS1M-63L 63A 25KA LEXO"},"content":{"rendered":"<p>Es un dispositivo de protecci\u00f3n y control de corriente el\u00e9ctrica de alta capacidad. Tiene una capacidad de corte de 25kA y una corriente nominal de 63A. Este interruptor es ideal para proteger circuitos el\u00e9ctricos en aplicaciones comerciales, industriales y residenciales. La caja moldeada proporciona una protecci\u00f3n adicional contra el polvo, la humedad y los impactos mec\u00e1nicos, lo que lo hace adecuado para entornos exigentes.<\/p>\n","protected":false},"excerpt":{"rendered":"<p>Es un dispositivo de protecci\u00f3n y control de corriente el\u00e9ctrica de alta capacidad. Tiene una capacidad de corte de 25kA y una corriente nominal de 63A. Este interruptor es ideal para proteger circuitos el\u00e9ctricos en aplicaciones comerciales, industriales y residenciales. La caja moldeada proporciona una protecci\u00f3n adicional contra el polvo, la humedad y los impactos mec\u00e1nicos, lo que lo hace [&hellip;]<\/p>\n","protected":false},"featured_media":963,"comment_status":"open","ping_status":"closed","template":"","meta":{"_joinchat":[]},"product_brand":[],"product_cat":[16],"product_tag":[],"class_list":{"0":"post-964","1":"product","2":"type-product","3":"status-publish","4":"has-post-thumbnail","6":"product_cat-electricidad","8":"first","9":"instock","10":"shipping-taxable","11":"purchasable","12":"product-type-simple"},"ams_default_variation_id":0,"ams_product_points_reward":[],"ams_product_discount_percentage":0,"ams_price_to_display":29500,"ams_acf":[],"jetpack_sharing_enabled":true,"_links":{"self":[{"href":"https:\/\/solucionsolar.cl\/solar\/wp-json\/wp\/v2\/product\/964","targetHints":{"allow":["GET"]}}],"collection":[{"href":"https:\/\/solucionsolar.cl\/solar\/wp-json\/wp\/v2\/product"}],"about":[{"href":"https:\/\/solucionsolar.cl\/solar\/wp-json\/wp\/v2\/types\/product"}],"replies":[{"embeddable":true,"href":"https:\/\/solucionsolar.cl\/solar\/wp-json\/wp\/v2\/comments?post=964"}],"wp:featuredmedia":[{"embeddable":true,"href":"https:\/\/solucionsolar.cl\/solar\/wp-json\/wp\/v2\/media\/963"}],"wp:attachment":[{"href":"https:\/\/solucionsolar.cl\/solar\/wp-json\/wp\/v2\/media?parent=964"}],"wp:term":[{"taxonomy":"product_brand","embeddable":true,"href":"https:\/\/solucionsolar.cl\/solar\/wp-json\/wp\/v2\/product_brand?post=964"},{"taxonomy":"product_cat","embeddable":true,"href":"https:\/\/solucionsolar.cl\/solar\/wp-json\/wp\/v2\/product_cat?post=964"},{"taxonomy":"product_tag","embeddable":true,"href":"https:\/\/solucionsolar.cl\/solar\/wp-json\/wp\/v2\/product_tag?post=964"}],"curies":[{"name":"wp","href":"https:\/\/api.w.org\/{rel}","templated":true}]}}