{"id":966,"date":"2023-05-13T22:42:39","date_gmt":"2023-05-13T22:42:39","guid":{"rendered":"https:\/\/solucionsolar.cl\/solar\/producto\/int-caja-moldeada-ebs1m-80l-80a-35ka-lexo\/"},"modified":"2023-05-13T22:42:39","modified_gmt":"2023-05-13T22:42:39","slug":"int-caja-moldeada-ebs1m-80l-80a-35ka-lexo","status":"publish","type":"product","link":"https:\/\/solucionsolar.cl\/solar\/producto\/int-caja-moldeada-ebs1m-80l-80a-35ka-lexo\/","title":{"rendered":"Int caja moldeada  EBS1M-80L 80A 35KA LEXO"},"content":{"rendered":"<p>Es un dispositivo de protecci\u00f3n el\u00e9ctrica dise\u00f1ado para proteger un circuito el\u00e9ctrico y los equipos conectados contra sobrecargas y cortocircuitos. Este interruptor autom\u00e1tico tiene una capacidad de corriente nominal de 80 amperios y una capacidad de interrupci\u00f3n de cortocircuito de 35 kiloamperios. Adem\u00e1s, est\u00e1 alojado en una caja moldeada para mayor seguridad y protecci\u00f3n.<\/p>\n","protected":false},"excerpt":{"rendered":"<p>Es un dispositivo de protecci\u00f3n el\u00e9ctrica dise\u00f1ado para proteger un circuito el\u00e9ctrico y los equipos conectados contra sobrecargas y cortocircuitos. Este interruptor autom\u00e1tico tiene una capacidad de corriente nominal de 80 amperios y una capacidad de interrupci\u00f3n de cortocircuito de 35 kiloamperios. Adem\u00e1s, est\u00e1 alojado en una caja moldeada para mayor seguridad y protecci\u00f3n.<\/p>\n","protected":false},"featured_media":965,"comment_status":"open","ping_status":"closed","template":"","meta":{"_joinchat":[]},"product_brand":[],"product_cat":[16],"product_tag":[],"class_list":{"0":"post-966","1":"product","2":"type-product","3":"status-publish","4":"has-post-thumbnail","6":"product_cat-electricidad","8":"first","9":"instock","10":"shipping-taxable","11":"purchasable","12":"product-type-simple"},"ams_default_variation_id":0,"ams_product_points_reward":[],"ams_product_discount_percentage":0,"ams_price_to_display":33500,"ams_acf":[],"jetpack_sharing_enabled":true,"_links":{"self":[{"href":"https:\/\/solucionsolar.cl\/solar\/wp-json\/wp\/v2\/product\/966","targetHints":{"allow":["GET"]}}],"collection":[{"href":"https:\/\/solucionsolar.cl\/solar\/wp-json\/wp\/v2\/product"}],"about":[{"href":"https:\/\/solucionsolar.cl\/solar\/wp-json\/wp\/v2\/types\/product"}],"replies":[{"embeddable":true,"href":"https:\/\/solucionsolar.cl\/solar\/wp-json\/wp\/v2\/comments?post=966"}],"wp:featuredmedia":[{"embeddable":true,"href":"https:\/\/solucionsolar.cl\/solar\/wp-json\/wp\/v2\/media\/965"}],"wp:attachment":[{"href":"https:\/\/solucionsolar.cl\/solar\/wp-json\/wp\/v2\/media?parent=966"}],"wp:term":[{"taxonomy":"product_brand","embeddable":true,"href":"https:\/\/solucionsolar.cl\/solar\/wp-json\/wp\/v2\/product_brand?post=966"},{"taxonomy":"product_cat","embeddable":true,"href":"https:\/\/solucionsolar.cl\/solar\/wp-json\/wp\/v2\/product_cat?post=966"},{"taxonomy":"product_tag","embeddable":true,"href":"https:\/\/solucionsolar.cl\/solar\/wp-json\/wp\/v2\/product_tag?post=966"}],"curies":[{"name":"wp","href":"https:\/\/api.w.org\/{rel}","templated":true}]}}