{"id":968,"date":"2023-05-13T22:42:41","date_gmt":"2023-05-13T22:42:41","guid":{"rendered":"https:\/\/solucionsolar.cl\/solar\/producto\/int-caja-moldeada-ebs1m-100l-100a-35ka-lexo\/"},"modified":"2023-05-13T22:42:41","modified_gmt":"2023-05-13T22:42:41","slug":"int-caja-moldeada-ebs1m-100l-100a-35ka-lexo","status":"publish","type":"product","link":"https:\/\/solucionsolar.cl\/solar\/producto\/int-caja-moldeada-ebs1m-100l-100a-35ka-lexo\/","title":{"rendered":"Int caja moldeada EBS1M-100L 100A 35KA LEXO"},"content":{"rendered":"<p>Es una soluci\u00f3n ideal para proteger su sistema el\u00e9ctrico contra cortocircuitos y sobrecargas. Tiene una capacidad de ruptura de 35KA y una corriente nominal de 100A. La caja moldeada proporciona protecci\u00f3n adicional contra el polvo y la humedad, y su dise\u00f1o compacto facilita la instalaci\u00f3n en espacios reducidos. Este interruptor es confiable y duradero, lo que lo hace perfecto para aplicaciones en una amplia variedad de entornos industriales y comerciales.<\/p>\n","protected":false},"excerpt":{"rendered":"<p>Es una soluci\u00f3n ideal para proteger su sistema el\u00e9ctrico contra cortocircuitos y sobrecargas. Tiene una capacidad de ruptura de 35KA y una corriente nominal de 100A. La caja moldeada proporciona protecci\u00f3n adicional contra el polvo y la humedad, y su dise\u00f1o compacto facilita la instalaci\u00f3n en espacios reducidos. Este interruptor es confiable y duradero, lo que lo hace perfecto para [&hellip;]<\/p>\n","protected":false},"featured_media":967,"comment_status":"open","ping_status":"closed","template":"","meta":{"_joinchat":[]},"product_brand":[],"product_cat":[16],"product_tag":[],"class_list":{"0":"post-968","1":"product","2":"type-product","3":"status-publish","4":"has-post-thumbnail","6":"product_cat-electricidad","8":"first","9":"instock","10":"shipping-taxable","11":"purchasable","12":"product-type-simple"},"ams_default_variation_id":0,"ams_product_points_reward":[],"ams_product_discount_percentage":0,"ams_price_to_display":35000,"ams_acf":[],"jetpack_sharing_enabled":true,"_links":{"self":[{"href":"https:\/\/solucionsolar.cl\/solar\/wp-json\/wp\/v2\/product\/968","targetHints":{"allow":["GET"]}}],"collection":[{"href":"https:\/\/solucionsolar.cl\/solar\/wp-json\/wp\/v2\/product"}],"about":[{"href":"https:\/\/solucionsolar.cl\/solar\/wp-json\/wp\/v2\/types\/product"}],"replies":[{"embeddable":true,"href":"https:\/\/solucionsolar.cl\/solar\/wp-json\/wp\/v2\/comments?post=968"}],"wp:featuredmedia":[{"embeddable":true,"href":"https:\/\/solucionsolar.cl\/solar\/wp-json\/wp\/v2\/media\/967"}],"wp:attachment":[{"href":"https:\/\/solucionsolar.cl\/solar\/wp-json\/wp\/v2\/media?parent=968"}],"wp:term":[{"taxonomy":"product_brand","embeddable":true,"href":"https:\/\/solucionsolar.cl\/solar\/wp-json\/wp\/v2\/product_brand?post=968"},{"taxonomy":"product_cat","embeddable":true,"href":"https:\/\/solucionsolar.cl\/solar\/wp-json\/wp\/v2\/product_cat?post=968"},{"taxonomy":"product_tag","embeddable":true,"href":"https:\/\/solucionsolar.cl\/solar\/wp-json\/wp\/v2\/product_tag?post=968"}],"curies":[{"name":"wp","href":"https:\/\/api.w.org\/{rel}","templated":true}]}}