{"id":974,"date":"2023-05-13T22:42:47","date_gmt":"2023-05-13T22:42:47","guid":{"rendered":"https:\/\/solucionsolar.cl\/solar\/producto\/automatico-3x50a-6k-c-lexo\/"},"modified":"2023-05-13T22:42:47","modified_gmt":"2023-05-13T22:42:47","slug":"automatico-3x50a-6k-c-lexo","status":"publish","type":"product","link":"https:\/\/solucionsolar.cl\/solar\/producto\/automatico-3x50a-6k-c-lexo\/","title":{"rendered":"Autom\u00e1tico 3x50A 6K C LEXO"},"content":{"rendered":"<p>Es un dispositivo de protecci\u00f3n el\u00e9ctrica utilizado en instalaciones el\u00e9ctricas de baja tensi\u00f3n. Este tipo de autom\u00e1tico se caracteriza por tener tres polos, lo que significa que puede cortar la corriente en los tres conductores de la instalaci\u00f3n al mismo tiempo.<\/p>\n","protected":false},"excerpt":{"rendered":"<p>Es un dispositivo de protecci\u00f3n el\u00e9ctrica utilizado en instalaciones el\u00e9ctricas de baja tensi\u00f3n. Este tipo de autom\u00e1tico se caracteriza por tener tres polos, lo que significa que puede cortar la corriente en los tres conductores de la instalaci\u00f3n al mismo tiempo.<\/p>\n","protected":false},"featured_media":973,"comment_status":"open","ping_status":"closed","template":"","meta":{"_joinchat":[]},"product_brand":[],"product_cat":[39,16],"product_tag":[],"class_list":{"0":"post-974","1":"product","2":"type-product","3":"status-publish","4":"has-post-thumbnail","6":"product_cat-automaticos","7":"product_cat-electricidad","9":"first","10":"instock","11":"shipping-taxable","12":"purchasable","13":"product-type-simple"},"ams_default_variation_id":0,"ams_product_points_reward":[],"ams_product_discount_percentage":0,"ams_price_to_display":7000,"ams_acf":[],"jetpack_sharing_enabled":true,"_links":{"self":[{"href":"https:\/\/solucionsolar.cl\/solar\/wp-json\/wp\/v2\/product\/974","targetHints":{"allow":["GET"]}}],"collection":[{"href":"https:\/\/solucionsolar.cl\/solar\/wp-json\/wp\/v2\/product"}],"about":[{"href":"https:\/\/solucionsolar.cl\/solar\/wp-json\/wp\/v2\/types\/product"}],"replies":[{"embeddable":true,"href":"https:\/\/solucionsolar.cl\/solar\/wp-json\/wp\/v2\/comments?post=974"}],"wp:featuredmedia":[{"embeddable":true,"href":"https:\/\/solucionsolar.cl\/solar\/wp-json\/wp\/v2\/media\/973"}],"wp:attachment":[{"href":"https:\/\/solucionsolar.cl\/solar\/wp-json\/wp\/v2\/media?parent=974"}],"wp:term":[{"taxonomy":"product_brand","embeddable":true,"href":"https:\/\/solucionsolar.cl\/solar\/wp-json\/wp\/v2\/product_brand?post=974"},{"taxonomy":"product_cat","embeddable":true,"href":"https:\/\/solucionsolar.cl\/solar\/wp-json\/wp\/v2\/product_cat?post=974"},{"taxonomy":"product_tag","embeddable":true,"href":"https:\/\/solucionsolar.cl\/solar\/wp-json\/wp\/v2\/product_tag?post=974"}],"curies":[{"name":"wp","href":"https:\/\/api.w.org\/{rel}","templated":true}]}}