{"id":976,"date":"2023-05-13T22:42:49","date_gmt":"2023-05-13T22:42:49","guid":{"rendered":"https:\/\/solucionsolar.cl\/solar\/producto\/terminal-ferrule-16awg-negro-100-un-lex0\/"},"modified":"2023-05-13T22:42:49","modified_gmt":"2023-05-13T22:42:49","slug":"terminal-ferrule-16awg-negro-100-un-lex0","status":"publish","type":"product","link":"https:\/\/solucionsolar.cl\/solar\/producto\/terminal-ferrule-16awg-negro-100-un-lex0\/","title":{"rendered":"Terminal Ferrule 16AWG Negro 100 un LEX0"},"content":{"rendered":"<p>Las terminales Ferrule de 16 AWG son conectores el\u00e9ctricos que se utilizan para unir y terminar cables de calibre 16. Est\u00e1n dise\u00f1ados con una carcasa de color negro para una f\u00e1cil identificaci\u00f3n y est\u00e1n fabricados con materiales de alta calidad para garantizar una conexi\u00f3n segura y confiable.<\/p>\n","protected":false},"excerpt":{"rendered":"<p>Las terminales Ferrule de 16 AWG son conectores el\u00e9ctricos que se utilizan para unir y terminar cables de calibre 16. Est\u00e1n dise\u00f1ados con una carcasa de color negro para una f\u00e1cil identificaci\u00f3n y est\u00e1n fabricados con materiales de alta calidad para garantizar una conexi\u00f3n segura y confiable.<\/p>\n","protected":false},"featured_media":975,"comment_status":"open","ping_status":"closed","template":"","meta":{"_joinchat":[]},"product_brand":[],"product_cat":[16],"product_tag":[],"class_list":{"0":"post-976","1":"product","2":"type-product","3":"status-publish","4":"has-post-thumbnail","6":"product_cat-electricidad","8":"first","9":"instock","10":"shipping-taxable","11":"purchasable","12":"product-type-simple"},"ams_default_variation_id":0,"ams_product_points_reward":[],"ams_product_discount_percentage":0,"ams_price_to_display":2000,"ams_acf":[],"jetpack_sharing_enabled":true,"_links":{"self":[{"href":"https:\/\/solucionsolar.cl\/solar\/wp-json\/wp\/v2\/product\/976","targetHints":{"allow":["GET"]}}],"collection":[{"href":"https:\/\/solucionsolar.cl\/solar\/wp-json\/wp\/v2\/product"}],"about":[{"href":"https:\/\/solucionsolar.cl\/solar\/wp-json\/wp\/v2\/types\/product"}],"replies":[{"embeddable":true,"href":"https:\/\/solucionsolar.cl\/solar\/wp-json\/wp\/v2\/comments?post=976"}],"wp:featuredmedia":[{"embeddable":true,"href":"https:\/\/solucionsolar.cl\/solar\/wp-json\/wp\/v2\/media\/975"}],"wp:attachment":[{"href":"https:\/\/solucionsolar.cl\/solar\/wp-json\/wp\/v2\/media?parent=976"}],"wp:term":[{"taxonomy":"product_brand","embeddable":true,"href":"https:\/\/solucionsolar.cl\/solar\/wp-json\/wp\/v2\/product_brand?post=976"},{"taxonomy":"product_cat","embeddable":true,"href":"https:\/\/solucionsolar.cl\/solar\/wp-json\/wp\/v2\/product_cat?post=976"},{"taxonomy":"product_tag","embeddable":true,"href":"https:\/\/solucionsolar.cl\/solar\/wp-json\/wp\/v2\/product_tag?post=976"}],"curies":[{"name":"wp","href":"https:\/\/api.w.org\/{rel}","templated":true}]}}