{"id":98,"date":"2023-05-13T22:21:25","date_gmt":"2023-05-13T22:21:25","guid":{"rendered":"https:\/\/solucionsolar.cl\/solar\/producto\/pila-d-duracell-2-unidades\/"},"modified":"2023-05-13T22:21:25","modified_gmt":"2023-05-13T22:21:25","slug":"pila-d-duracell-2-unidades","status":"publish","type":"product","link":"https:\/\/solucionsolar.cl\/solar\/producto\/pila-d-duracell-2-unidades\/","title":{"rendered":"Pila D DURACELL 2 unidades"},"content":{"rendered":"<p>El paquete de pilas D DURACELL de 2 unidades es un conjunto de pilas alcalinas cil\u00edndricas de tama\u00f1o grande utilizado en una amplia variedad de dispositivos electr\u00f3nicos como radios port\u00e1tiles, linternas, juguetes, entre otros. Cada pila proporciona una fuente de energ\u00eda confiable y constante, y el paquete de dos unidades asegura que haya una pila de repuesto disponible cuando se necesite.<\/p>\n","protected":false},"excerpt":{"rendered":"<p>El paquete de pilas D DURACELL de 2 unidades es un conjunto de pilas alcalinas cil\u00edndricas de tama\u00f1o grande utilizado en una amplia variedad de dispositivos electr\u00f3nicos como radios port\u00e1tiles, linternas, juguetes, entre otros. Cada pila proporciona una fuente de energ\u00eda confiable y constante, y el paquete de dos unidades asegura que haya una pila de repuesto disponible cuando se [&hellip;]<\/p>\n","protected":false},"featured_media":97,"comment_status":"open","ping_status":"closed","template":"","meta":{"_joinchat":[]},"product_brand":[],"product_cat":[17],"product_tag":[],"class_list":{"0":"post-98","1":"product","2":"type-product","3":"status-publish","4":"has-post-thumbnail","6":"product_cat-ferreteria","8":"first","9":"instock","10":"shipping-taxable","11":"purchasable","12":"product-type-simple"},"ams_default_variation_id":0,"ams_product_points_reward":[],"ams_product_discount_percentage":0,"ams_price_to_display":4200,"ams_acf":[],"jetpack_sharing_enabled":true,"_links":{"self":[{"href":"https:\/\/solucionsolar.cl\/solar\/wp-json\/wp\/v2\/product\/98","targetHints":{"allow":["GET"]}}],"collection":[{"href":"https:\/\/solucionsolar.cl\/solar\/wp-json\/wp\/v2\/product"}],"about":[{"href":"https:\/\/solucionsolar.cl\/solar\/wp-json\/wp\/v2\/types\/product"}],"replies":[{"embeddable":true,"href":"https:\/\/solucionsolar.cl\/solar\/wp-json\/wp\/v2\/comments?post=98"}],"wp:featuredmedia":[{"embeddable":true,"href":"https:\/\/solucionsolar.cl\/solar\/wp-json\/wp\/v2\/media\/97"}],"wp:attachment":[{"href":"https:\/\/solucionsolar.cl\/solar\/wp-json\/wp\/v2\/media?parent=98"}],"wp:term":[{"taxonomy":"product_brand","embeddable":true,"href":"https:\/\/solucionsolar.cl\/solar\/wp-json\/wp\/v2\/product_brand?post=98"},{"taxonomy":"product_cat","embeddable":true,"href":"https:\/\/solucionsolar.cl\/solar\/wp-json\/wp\/v2\/product_cat?post=98"},{"taxonomy":"product_tag","embeddable":true,"href":"https:\/\/solucionsolar.cl\/solar\/wp-json\/wp\/v2\/product_tag?post=98"}],"curies":[{"name":"wp","href":"https:\/\/api.w.org\/{rel}","templated":true}]}}