{"id":980,"date":"2023-05-13T22:42:59","date_gmt":"2023-05-13T22:42:59","guid":{"rendered":"https:\/\/solucionsolar.cl\/solar\/producto\/enchufe-macho-volante-industrial-16a-3pt-380v-ip44-lexo\/"},"modified":"2023-05-19T19:46:16","modified_gmt":"2023-05-19T19:46:16","slug":"enchufe-macho-volante-industrial-16a-3pt-380v-ip44-lexo","status":"publish","type":"product","link":"https:\/\/solucionsolar.cl\/solar\/producto\/enchufe-macho-volante-industrial-16a-3pt-380v-ip44-lexo\/","title":{"rendered":"Enchufe macho volante industrial 16A 3P+T 380V IP44 LEXO"},"content":{"rendered":"<p>El enchufe macho volante industrial 16A 3P+T 380V IP44 LEXO es un conector el\u00e9ctrico robusto dise\u00f1ado para aplicaciones industriales. Tiene una corriente nominal de 16 amperios, tres polos m\u00e1s una conexi\u00f3n a tierra (3P+T), y est\u00e1 clasificado para voltajes de hasta 380 voltios.<\/p>\n","protected":false},"excerpt":{"rendered":"<p>El enchufe macho volante industrial 16A 3P+T 380V IP44 LEXO es un conector el\u00e9ctrico robusto dise\u00f1ado para aplicaciones industriales. Tiene una corriente nominal de 16 amperios, tres polos m\u00e1s una conexi\u00f3n a tierra (3P+T), y est\u00e1 clasificado para voltajes de hasta 380 voltios.<\/p>\n","protected":false},"featured_media":979,"comment_status":"open","ping_status":"closed","template":"","meta":{"_joinchat":[]},"product_brand":[],"product_cat":[16],"product_tag":[],"class_list":{"0":"post-980","1":"product","2":"type-product","3":"status-publish","4":"has-post-thumbnail","6":"product_cat-electricidad","8":"first","9":"instock","10":"shipping-taxable","11":"purchasable","12":"product-type-simple"},"ams_default_variation_id":0,"ams_product_points_reward":[],"ams_product_discount_percentage":0,"ams_price_to_display":2500,"ams_acf":[],"jetpack_sharing_enabled":true,"_links":{"self":[{"href":"https:\/\/solucionsolar.cl\/solar\/wp-json\/wp\/v2\/product\/980","targetHints":{"allow":["GET"]}}],"collection":[{"href":"https:\/\/solucionsolar.cl\/solar\/wp-json\/wp\/v2\/product"}],"about":[{"href":"https:\/\/solucionsolar.cl\/solar\/wp-json\/wp\/v2\/types\/product"}],"replies":[{"embeddable":true,"href":"https:\/\/solucionsolar.cl\/solar\/wp-json\/wp\/v2\/comments?post=980"}],"wp:featuredmedia":[{"embeddable":true,"href":"https:\/\/solucionsolar.cl\/solar\/wp-json\/wp\/v2\/media\/979"}],"wp:attachment":[{"href":"https:\/\/solucionsolar.cl\/solar\/wp-json\/wp\/v2\/media?parent=980"}],"wp:term":[{"taxonomy":"product_brand","embeddable":true,"href":"https:\/\/solucionsolar.cl\/solar\/wp-json\/wp\/v2\/product_brand?post=980"},{"taxonomy":"product_cat","embeddable":true,"href":"https:\/\/solucionsolar.cl\/solar\/wp-json\/wp\/v2\/product_cat?post=980"},{"taxonomy":"product_tag","embeddable":true,"href":"https:\/\/solucionsolar.cl\/solar\/wp-json\/wp\/v2\/product_tag?post=980"}],"curies":[{"name":"wp","href":"https:\/\/api.w.org\/{rel}","templated":true}]}}