{"id":988,"date":"2023-05-13T22:43:09","date_gmt":"2023-05-13T22:43:09","guid":{"rendered":"https:\/\/solucionsolar.cl\/solar\/producto\/toma-corriente-triplex-10a-plata-blancolexo-nuevo\/"},"modified":"2023-05-13T22:43:09","modified_gmt":"2023-05-13T22:43:09","slug":"toma-corriente-triplex-10a-plata-blancolexo-nuevo","status":"publish","type":"product","link":"https:\/\/solucionsolar.cl\/solar\/producto\/toma-corriente-triplex-10a-plata-blancolexo-nuevo\/","title":{"rendered":"Toma corriente Triplex 10A Plata\/BlancoLEXO NUEVO"},"content":{"rendered":"<p>El toma corriente Triplex 10A Plata\/Blanco LEXO NUEVO es un dispositivo el\u00e9ctrico dise\u00f1ado para proporcionar tres salidas de energ\u00eda el\u00e9ctrica de hasta 10 amperios cada una. Tiene un acabado en color plata y blanco que le brinda un aspecto moderno y est\u00e9tico.<\/p>\n","protected":false},"excerpt":{"rendered":"<p>El toma corriente Triplex 10A Plata\/Blanco LEXO NUEVO es un dispositivo el\u00e9ctrico dise\u00f1ado para proporcionar tres salidas de energ\u00eda el\u00e9ctrica de hasta 10 amperios cada una. Tiene un acabado en color plata y blanco que le brinda un aspecto moderno y est\u00e9tico.<\/p>\n","protected":false},"featured_media":987,"comment_status":"open","ping_status":"closed","template":"","meta":{"_joinchat":[]},"product_brand":[],"product_cat":[16],"product_tag":[],"class_list":{"0":"post-988","1":"product","2":"type-product","3":"status-publish","4":"has-post-thumbnail","6":"product_cat-electricidad","8":"first","9":"instock","10":"shipping-taxable","11":"purchasable","12":"product-type-simple"},"ams_default_variation_id":0,"ams_product_points_reward":[],"ams_product_discount_percentage":0,"ams_price_to_display":4000,"ams_acf":[],"jetpack_sharing_enabled":true,"_links":{"self":[{"href":"https:\/\/solucionsolar.cl\/solar\/wp-json\/wp\/v2\/product\/988","targetHints":{"allow":["GET"]}}],"collection":[{"href":"https:\/\/solucionsolar.cl\/solar\/wp-json\/wp\/v2\/product"}],"about":[{"href":"https:\/\/solucionsolar.cl\/solar\/wp-json\/wp\/v2\/types\/product"}],"replies":[{"embeddable":true,"href":"https:\/\/solucionsolar.cl\/solar\/wp-json\/wp\/v2\/comments?post=988"}],"wp:featuredmedia":[{"embeddable":true,"href":"https:\/\/solucionsolar.cl\/solar\/wp-json\/wp\/v2\/media\/987"}],"wp:attachment":[{"href":"https:\/\/solucionsolar.cl\/solar\/wp-json\/wp\/v2\/media?parent=988"}],"wp:term":[{"taxonomy":"product_brand","embeddable":true,"href":"https:\/\/solucionsolar.cl\/solar\/wp-json\/wp\/v2\/product_brand?post=988"},{"taxonomy":"product_cat","embeddable":true,"href":"https:\/\/solucionsolar.cl\/solar\/wp-json\/wp\/v2\/product_cat?post=988"},{"taxonomy":"product_tag","embeddable":true,"href":"https:\/\/solucionsolar.cl\/solar\/wp-json\/wp\/v2\/product_tag?post=988"}],"curies":[{"name":"wp","href":"https:\/\/api.w.org\/{rel}","templated":true}]}}