{"id":992,"date":"2023-05-13T22:43:17","date_gmt":"2023-05-13T22:43:17","guid":{"rendered":"https:\/\/solucionsolar.cl\/solar\/producto\/guardamotor-1-16a-660v-lexo\/"},"modified":"2023-05-13T22:43:17","modified_gmt":"2023-05-13T22:43:17","slug":"guardamotor-1-16a-660v-lexo","status":"publish","type":"product","link":"https:\/\/solucionsolar.cl\/solar\/producto\/guardamotor-1-16a-660v-lexo\/","title":{"rendered":"Guardamotor 1-1,6A 660V LEXO"},"content":{"rendered":"<p>El Guardamotor 1-1,6A 660V LEXO es un dispositivo de protecci\u00f3n el\u00e9ctrica que se utiliza en circuitos de baja tensi\u00f3n para proteger los motores el\u00e9ctricos contra sobrecargas y cortocircuitos. Tiene una corriente nominal de 1-1,6 amperios y una capacidad de voltaje de hasta 660V.<\/p>\n","protected":false},"excerpt":{"rendered":"<p>El Guardamotor 1-1,6A 660V LEXO es un dispositivo de protecci\u00f3n el\u00e9ctrica que se utiliza en circuitos de baja tensi\u00f3n para proteger los motores el\u00e9ctricos contra sobrecargas y cortocircuitos. Tiene una corriente nominal de 1-1,6 amperios y una capacidad de voltaje de hasta 660V.<\/p>\n","protected":false},"featured_media":991,"comment_status":"open","ping_status":"closed","template":"","meta":{"_joinchat":[]},"product_brand":[],"product_cat":[16],"product_tag":[],"class_list":{"0":"post-992","1":"product","2":"type-product","3":"status-publish","4":"has-post-thumbnail","6":"product_cat-electricidad","8":"first","9":"instock","10":"shipping-taxable","11":"purchasable","12":"product-type-simple"},"ams_default_variation_id":0,"ams_product_points_reward":[],"ams_product_discount_percentage":0,"ams_price_to_display":15500,"ams_acf":[],"jetpack_sharing_enabled":true,"_links":{"self":[{"href":"https:\/\/solucionsolar.cl\/solar\/wp-json\/wp\/v2\/product\/992","targetHints":{"allow":["GET"]}}],"collection":[{"href":"https:\/\/solucionsolar.cl\/solar\/wp-json\/wp\/v2\/product"}],"about":[{"href":"https:\/\/solucionsolar.cl\/solar\/wp-json\/wp\/v2\/types\/product"}],"replies":[{"embeddable":true,"href":"https:\/\/solucionsolar.cl\/solar\/wp-json\/wp\/v2\/comments?post=992"}],"wp:featuredmedia":[{"embeddable":true,"href":"https:\/\/solucionsolar.cl\/solar\/wp-json\/wp\/v2\/media\/991"}],"wp:attachment":[{"href":"https:\/\/solucionsolar.cl\/solar\/wp-json\/wp\/v2\/media?parent=992"}],"wp:term":[{"taxonomy":"product_brand","embeddable":true,"href":"https:\/\/solucionsolar.cl\/solar\/wp-json\/wp\/v2\/product_brand?post=992"},{"taxonomy":"product_cat","embeddable":true,"href":"https:\/\/solucionsolar.cl\/solar\/wp-json\/wp\/v2\/product_cat?post=992"},{"taxonomy":"product_tag","embeddable":true,"href":"https:\/\/solucionsolar.cl\/solar\/wp-json\/wp\/v2\/product_tag?post=992"}],"curies":[{"name":"wp","href":"https:\/\/api.w.org\/{rel}","templated":true}]}}