{"id":994,"date":"2023-05-13T22:43:21","date_gmt":"2023-05-13T22:43:21","guid":{"rendered":"https:\/\/solucionsolar.cl\/solar\/producto\/contactor-modular-20a-230v-2no-para-riel-din-35mm-lexo\/"},"modified":"2023-05-13T22:43:21","modified_gmt":"2023-05-13T22:43:21","slug":"contactor-modular-20a-230v-2no-para-riel-din-35mm-lexo","status":"publish","type":"product","link":"https:\/\/solucionsolar.cl\/solar\/producto\/contactor-modular-20a-230v-2no-para-riel-din-35mm-lexo\/","title":{"rendered":"Contactor modular 20A, 230V, 2NO, para riel DIN 35mm LEXO"},"content":{"rendered":"<p>El Contactor modular 20A, 230V, 2NO para riel DIN 35mm LEXO es un dispositivo electromec\u00e1nico dise\u00f1ado para controlar la carga el\u00e9ctrica de un circuito. Tiene una capacidad de corriente nominal de 20 amperios y una tensi\u00f3n nominal de 230 voltios. Adem\u00e1s, cuenta con dos contactos normalmente abiertos (2NO) que permiten la conexi\u00f3n y desconexi\u00f3n de la carga el\u00e9ctrica. Este contactor est\u00e1 dise\u00f1ado para ser montado en un riel DIN de 35 mm, lo que lo hace f\u00e1cil de instalar en armarios el\u00e9ctricos o cajas de control.<\/p>\n","protected":false},"excerpt":{"rendered":"<p>El Contactor modular 20A, 230V, 2NO para riel DIN 35mm LEXO es un dispositivo electromec\u00e1nico dise\u00f1ado para controlar la carga el\u00e9ctrica de un circuito. Tiene una capacidad de corriente nominal de 20 amperios y una tensi\u00f3n nominal de 230 voltios. Adem\u00e1s, cuenta con dos contactos normalmente abiertos (2NO) que permiten la conexi\u00f3n y desconexi\u00f3n de la carga el\u00e9ctrica. Este contactor [&hellip;]<\/p>\n","protected":false},"featured_media":993,"comment_status":"open","ping_status":"closed","template":"","meta":{"_joinchat":[]},"product_brand":[],"product_cat":[16],"product_tag":[],"class_list":{"0":"post-994","1":"product","2":"type-product","3":"status-publish","4":"has-post-thumbnail","6":"product_cat-electricidad","8":"first","9":"instock","10":"shipping-taxable","11":"purchasable","12":"product-type-simple"},"ams_default_variation_id":0,"ams_product_points_reward":[],"ams_product_discount_percentage":0,"ams_price_to_display":16900,"ams_acf":[],"jetpack_sharing_enabled":true,"_links":{"self":[{"href":"https:\/\/solucionsolar.cl\/solar\/wp-json\/wp\/v2\/product\/994","targetHints":{"allow":["GET"]}}],"collection":[{"href":"https:\/\/solucionsolar.cl\/solar\/wp-json\/wp\/v2\/product"}],"about":[{"href":"https:\/\/solucionsolar.cl\/solar\/wp-json\/wp\/v2\/types\/product"}],"replies":[{"embeddable":true,"href":"https:\/\/solucionsolar.cl\/solar\/wp-json\/wp\/v2\/comments?post=994"}],"wp:featuredmedia":[{"embeddable":true,"href":"https:\/\/solucionsolar.cl\/solar\/wp-json\/wp\/v2\/media\/993"}],"wp:attachment":[{"href":"https:\/\/solucionsolar.cl\/solar\/wp-json\/wp\/v2\/media?parent=994"}],"wp:term":[{"taxonomy":"product_brand","embeddable":true,"href":"https:\/\/solucionsolar.cl\/solar\/wp-json\/wp\/v2\/product_brand?post=994"},{"taxonomy":"product_cat","embeddable":true,"href":"https:\/\/solucionsolar.cl\/solar\/wp-json\/wp\/v2\/product_cat?post=994"},{"taxonomy":"product_tag","embeddable":true,"href":"https:\/\/solucionsolar.cl\/solar\/wp-json\/wp\/v2\/product_tag?post=994"}],"curies":[{"name":"wp","href":"https:\/\/api.w.org\/{rel}","templated":true}]}}