{"id":998,"date":"2023-05-13T22:43:25","date_gmt":"2023-05-13T22:43:25","guid":{"rendered":"https:\/\/solucionsolar.cl\/solar\/producto\/barra-de-conexion-automaticos-13-pins-lexo\/"},"modified":"2023-05-13T22:43:25","modified_gmt":"2023-05-13T22:43:25","slug":"barra-de-conexion-automaticos-13-pins-lexo","status":"publish","type":"product","link":"https:\/\/solucionsolar.cl\/solar\/producto\/barra-de-conexion-automaticos-13-pins-lexo\/","title":{"rendered":"Barra de conexi\u00f3n autom\u00e1ticos 13 PINS LEXO"},"content":{"rendered":"<p>La barra de conexi\u00f3n autom\u00e1tica de 13 pines LEXO es un dispositivo el\u00e9ctrico que permite la conexi\u00f3n segura y r\u00e1pida de m\u00faltiples cables el\u00e9ctricos en una sola unidad. La barra cuenta con 13 pines que se conectan autom\u00e1ticamente a los cables, lo que elimina la necesidad de pelar o unir los cables manualmente.<\/p>\n","protected":false},"excerpt":{"rendered":"<p>La barra de conexi\u00f3n autom\u00e1tica de 13 pines LEXO es un dispositivo el\u00e9ctrico que permite la conexi\u00f3n segura y r\u00e1pida de m\u00faltiples cables el\u00e9ctricos en una sola unidad. La barra cuenta con 13 pines que se conectan autom\u00e1ticamente a los cables, lo que elimina la necesidad de pelar o unir los cables manualmente.<\/p>\n","protected":false},"featured_media":997,"comment_status":"open","ping_status":"closed","template":"","meta":{"_joinchat":[]},"product_brand":[],"product_cat":[26],"product_tag":[],"class_list":{"0":"post-998","1":"product","2":"type-product","3":"status-publish","4":"has-post-thumbnail","6":"product_cat-empalmes","8":"first","9":"instock","10":"shipping-taxable","11":"purchasable","12":"product-type-simple"},"ams_default_variation_id":0,"ams_product_points_reward":[],"ams_product_discount_percentage":0,"ams_price_to_display":3500,"ams_acf":[],"jetpack_sharing_enabled":true,"_links":{"self":[{"href":"https:\/\/solucionsolar.cl\/solar\/wp-json\/wp\/v2\/product\/998","targetHints":{"allow":["GET"]}}],"collection":[{"href":"https:\/\/solucionsolar.cl\/solar\/wp-json\/wp\/v2\/product"}],"about":[{"href":"https:\/\/solucionsolar.cl\/solar\/wp-json\/wp\/v2\/types\/product"}],"replies":[{"embeddable":true,"href":"https:\/\/solucionsolar.cl\/solar\/wp-json\/wp\/v2\/comments?post=998"}],"wp:featuredmedia":[{"embeddable":true,"href":"https:\/\/solucionsolar.cl\/solar\/wp-json\/wp\/v2\/media\/997"}],"wp:attachment":[{"href":"https:\/\/solucionsolar.cl\/solar\/wp-json\/wp\/v2\/media?parent=998"}],"wp:term":[{"taxonomy":"product_brand","embeddable":true,"href":"https:\/\/solucionsolar.cl\/solar\/wp-json\/wp\/v2\/product_brand?post=998"},{"taxonomy":"product_cat","embeddable":true,"href":"https:\/\/solucionsolar.cl\/solar\/wp-json\/wp\/v2\/product_cat?post=998"},{"taxonomy":"product_tag","embeddable":true,"href":"https:\/\/solucionsolar.cl\/solar\/wp-json\/wp\/v2\/product_tag?post=998"}],"curies":[{"name":"wp","href":"https:\/\/api.w.org\/{rel}","templated":true}]}}